{"id":83,"date":"2019-01-29T15:04:49","date_gmt":"2019-01-29T14:04:49","guid":{"rendered":"https:\/\/vahgraz.wordpress.com\/?page_id=83"},"modified":"2020-11-04T11:07:35","modified_gmt":"2020-11-04T10:07:35","slug":"startseite-deutsch","status":"publish","type":"page","link":"https:\/\/www1.vah-graz.com\/","title":{"rendered":""},"content":{"rendered":"\n<h2 class=\"has-text-align-center wp-block-heading\">Versuchsanstalt f\u00fcr Hochspannungstechnik Graz GmbH<\/h2>\n\n\n\n<p class=\"has-very-light-gray-background-color has-background\" style=\"font-size:23px\"> Die Versuchsanstalt f\u00fcr Hochspannungstechnik (VAH) Graz GmbH ist ein  f\u00fchrendes unabh\u00e4ngiges und akkreditiertes Pr\u00fcflabor f\u00fcr  Hochspannungs-pr\u00fcfungen an elektrischen Isoliersystemen und  Hochspannungsger\u00e4ten mit Nennspannungen von bis zu 800 kV (AC\/DC). Es  werden u. a. Kabel, Durchf\u00fchrungen, Wandler, Isolatoren,  Freileitungsisolatoren und -armaturen gepr\u00fcft. Wir bieten  hochqualitative Pr\u00fcfleistungen und Beratungen entsprechend den aktuellen  nationalen und internationalen Normen und Kundenforderungen. Die VAH  verf\u00fcgt \u00fcber mehrere Hochspannungspr\u00fcflabore mit unterschiedlicher  Gr\u00f6\u00dfe und zus\u00e4tzlich \u00fcber ein Freiluftpr\u00fcffeld. Zu unseren Kunden in  Europa geh\u00f6ren Hersteller von Hochspannungsger\u00e4ten und -komponenten  sowie Energieversorgungsunternehmen. Die VAH Graz GmbH ist ein  Unternehmen der Technischen Universit\u00e4t Graz, \u00d6sterreich. <\/p>\n\n\n\n<p class=\"has-text-align-right\"> \u00a9 Fotos  Tezak\/TU Graz, VAH\/TU Graz<\/p>\n","protected":false},"excerpt":{"rendered":"<p>Versuchsanstalt f\u00fcr Hochspannungstechnik Graz GmbH Die Versuchsanstalt f\u00fcr Hochspannungstechnik (VAH) Graz GmbH ist ein f\u00fchrendes unabh\u00e4ngiges und akkreditiertes Pr\u00fcflabor f\u00fcr Hochspannungs-pr\u00fcfungen an elektrischen Isoliersystemen und Hochspannungsger\u00e4ten mit Nennspannungen von bis zu 800 kV (AC\/DC). Es werden u. a. Kabel, Durchf\u00fchrungen, Wandler, Isolatoren, Freileitungsisolatoren und -armaturen gepr\u00fcft. Wir bieten hochqualitative Pr\u00fcfleistungen und Beratungen entsprechend den aktuellen&#8230; <\/p>\n<div class=\"link-more\"><a href=\"https:\/\/www1.vah-graz.com\/\">Weiterlesen<\/a><\/div>\n","protected":false},"author":1,"featured_media":0,"parent":0,"menu_order":0,"comment_status":"closed","ping_status":"closed","template":"","meta":{"footnotes":""},"class_list":["post-83","page","type-page","status-publish","hentry"],"_links":{"self":[{"href":"https:\/\/www1.vah-graz.com\/index.php?rest_route=\/wp\/v2\/pages\/83","targetHints":{"allow":["GET"]}}],"collection":[{"href":"https:\/\/www1.vah-graz.com\/index.php?rest_route=\/wp\/v2\/pages"}],"about":[{"href":"https:\/\/www1.vah-graz.com\/index.php?rest_route=\/wp\/v2\/types\/page"}],"author":[{"embeddable":true,"href":"https:\/\/www1.vah-graz.com\/index.php?rest_route=\/wp\/v2\/users\/1"}],"replies":[{"embeddable":true,"href":"https:\/\/www1.vah-graz.com\/index.php?rest_route=%2Fwp%2Fv2%2Fcomments&post=83"}],"version-history":[{"count":15,"href":"https:\/\/www1.vah-graz.com\/index.php?rest_route=\/wp\/v2\/pages\/83\/revisions"}],"predecessor-version":[{"id":841,"href":"https:\/\/www1.vah-graz.com\/index.php?rest_route=\/wp\/v2\/pages\/83\/revisions\/841"}],"wp:attachment":[{"href":"https:\/\/www1.vah-graz.com\/index.php?rest_route=%2Fwp%2Fv2%2Fmedia&parent=83"}],"curies":[{"name":"wp","href":"https:\/\/api.w.org\/{rel}","templated":true}]}}